{"id":11123,"date":"2019-05-23T12:53:32","date_gmt":"2019-05-23T11:53:32","guid":{"rendered":"https:\/\/www.perla.al\/?page_id=11123"},"modified":"2019-05-23T17:33:36","modified_gmt":"2019-05-23T16:33:36","slug":"komisionet","status":"publish","type":"page","link":"https:\/\/www.perla.al\/al\/komisionet\/","title":{"rendered":"Komisionet"},"content":{"rendered":"\n<p style=\"text-align:center\"><strong>KOMISINONET<\/strong> <strong>P\u00cbR<\/strong> <strong>ND\u00cbRMJETESIM SHITJE-BLERJE-QIRA<\/strong> <\/p>\n\n\n\n<p style=\"font-size:14px\"><strong>ND\u00cbRMJETESIM SHITJE-BLERJE-QIRA:<\/strong><\/p>\n\n\n\n<table class=\"wp-block-table\"><tbody><tr><td>Sh\u00ebrbim nd\u00ebrmjetesimi<\/td><td>Tarifa e sh\u00ebrbimit t\u00eb nd\u00ebrmjet\u00ebsimit<\/td><\/tr><tr><td>Shitje<\/td><td>3 % e vler\u00ebs s\u00eb transaksionit <\/td><\/tr><tr><td>Blerje<\/td><td>1 % e vler\u00ebs s\u00eb transaksionit <\/td><\/tr><tr><td>Qiradh\u00ebnie<\/td><td>Vlera e nj\u00eb qiraje t\u00eb plot\u00eb mujore <\/td><\/tr><tr><td>Qiramarrje  <\/td><td>50 % e vler\u00ebs s\u00eb nj\u00eb qiraje t\u00eb plote mujore   \ufeff<\/td><\/tr><\/tbody><\/table>\n\n\n\n<p style=\"font-size:12px\">Sh\u00ebnim: <strong>\u00c7DO PAGES\u00cb N\u00cb FAVOR T\u00cb AGJENSIS\u00cb P\u00cbR\nSHERBIMET E OFRUARA, KRYHEN N\u00cbPERMJET BANK\u00cbS, KUNDREJTE FATUR\u00cbS TATIMORE!<\/strong><\/p>\n","protected":false},"excerpt":{"rendered":"<p>KOMISINONET P\u00cbR ND\u00cbRMJETESIM SHITJE-BLERJE-QIRA ND\u00cbRMJETESIM SHITJE-BLERJE-QIRA: Sh\u00ebrbim nd\u00ebrmjetesimi Tarifa e sh\u00ebrbimit t\u00eb nd\u00ebrmjet\u00ebsimit Shitje 3 % e vler\u00ebs s\u00eb transaksionit Blerje 1 % e vler\u00ebs s\u00eb transaksionit Qiradh\u00ebnie Vlera e nj\u00eb qiraje t\u00eb plot\u00eb mujore Qiramarrje 50 % e vler\u00ebs s\u00eb nj\u00eb qiraje t\u00eb plote mujore \ufeff Sh\u00ebnim: \u00c7DO PAGES\u00cb N\u00cb FAVOR T\u00cb AGJENSIS\u00cb P\u00cbR [&hellip;]<\/p>\n","protected":false},"author":1,"featured_media":0,"parent":0,"menu_order":0,"comment_status":"closed","ping_status":"closed","template":"","meta":{"cybocfi_hide_featured_image":"","footnotes":""},"yst_prominent_words":[2477,1390,1387,1428,1418,1402,1136,1407,1395,1137,1425,1410,1315,1405,1421,1134,1423,1413,1399,1393],"class_list":["post-11123","page","type-page","status-publish","hentry"],"translation":{"provider":"WPGlobus","version":"2.12.2","language":"al","enabled_languages":["en","al"],"languages":{"en":{"title":true,"content":true,"excerpt":false},"al":{"title":true,"content":true,"excerpt":false}}},"_links":{"self":[{"href":"https:\/\/www.perla.al\/al\/wp-json\/wp\/v2\/pages\/11123"}],"collection":[{"href":"https:\/\/www.perla.al\/al\/wp-json\/wp\/v2\/pages"}],"about":[{"href":"https:\/\/www.perla.al\/al\/wp-json\/wp\/v2\/types\/page"}],"author":[{"embeddable":true,"href":"https:\/\/www.perla.al\/al\/wp-json\/wp\/v2\/users\/1"}],"replies":[{"embeddable":true,"href":"https:\/\/www.perla.al\/al\/wp-json\/wp\/v2\/comments?post=11123"}],"version-history":[{"count":0,"href":"https:\/\/www.perla.al\/al\/wp-json\/wp\/v2\/pages\/11123\/revisions"}],"wp:attachment":[{"href":"https:\/\/www.perla.al\/al\/wp-json\/wp\/v2\/media?parent=11123"}],"wp:term":[{"taxonomy":"yst_prominent_words","embeddable":true,"href":"https:\/\/www.perla.al\/al\/wp-json\/wp\/v2\/yst_prominent_words?post=11123"}],"curies":[{"name":"wp","href":"https:\/\/api.w.org\/{rel}","templated":true}]}}